{"id":301,"date":"2016-06-02T13:17:32","date_gmt":"2016-06-02T13:17:32","guid":{"rendered":"https:\/\/www.angocarro.com\/seguros\/?page_id=301"},"modified":"2021-05-10T11:26:38","modified_gmt":"2021-05-10T11:26:38","slug":"seguros-aon","status":"publish","type":"page","link":"https:\/\/www.angocarro.com\/seguros\/seguros-aon\/","title":{"rendered":"Seguros AON"},"content":{"rendered":"<p>[vc_row][vc_column][vc_single_image image=&#8221;922&#8243; img_size=&#8221;full&#8221; alignment=&#8221;center&#8221; css=&#8221;.vc_custom_1615551494104{padding-top: 40px !important;}&#8221;][\/vc_column][\/vc_row][vc_row full_width=&#8221;stretch_row&#8221;][vc_column css=&#8221;.vc_custom_1464963226998{padding-top: 0.9em !important;padding-bottom: 1.05em !important;}&#8221;]<div class=\"sc_section margin_top_huge margin_bottom_huge\"><div class=\"sc_section_inner\"><h5 class=\"sc_section_subtitle sc_item_subtitle\">Descubra aqui o seu seguro!<\/h5><div class=\"sc_section_content_wrap\"><div id=\"sc_services_1704008337_wrap\" class=\"sc_services_wrap\"><div id=\"sc_services_1704008337\" class=\"sc_services sc_services_style_services-2 sc_services_type_icons \" style=\"width:100%;\"><div class=\"sc_columns columns_wrap\"><div class=\"column-1_4 column_padding_bottom\">\t\t\t<div id=\"sc_services_1704008337_1\"\t\t\t\tclass=\"sc_services_item sc_services_item_1 odd first\"\n\t\t\t\t>\n\t\t\t\t<a href=\"https:\/\/www.angocarro.com\/seguros\/services\/global\/\"><span class=\"sc_icon icon-icon\"><\/span><\/a>\t\t\t\t<div class=\"sc_services_item_content\">\n\t\t\t\t\t<h4 class=\"sc_services_item_title\"><a href=\"https:\/\/www.angocarro.com\/seguros\/services\/global\/\">Global<\/a><\/h4>\n\t\t\t\t\t<div class=\"sc_services_item_description\">\n\t\t\t\t\t\t<p>A Aon est\u00e1 presente em 120 pa\u00edses e emprega mais de 50 mil pessoas. \u00c9 considerada um das maiores seguradoras do globo.<\/p>\t\t\t\t\t<\/div>\n\t\t\t\t<\/div>\n\t\t\t<\/div>\n\t\t<\/div><div class=\"column-1_4 column_padding_bottom\">\t\t\t<div id=\"sc_services_1704008337_2\"\t\t\t\tclass=\"sc_services_item sc_services_item_2 even\"\n\t\t\t\t>\n\t\t\t\t<a href=\"https:\/\/www.angocarro.com\/seguros\/services\/experiente\/\"><span class=\"sc_icon icon-icon6\"><\/span><\/a>\t\t\t\t<div class=\"sc_services_item_content\">\n\t\t\t\t\t<h4 class=\"sc_services_item_title\"><a href=\"https:\/\/www.angocarro.com\/seguros\/services\/experiente\/\">Experiente<\/a><\/h4>\n\t\t\t\t\t<div class=\"sc_services_item_description\">\n\t\t\t\t\t\t<p>Fundada em 1982, a Aon \u00e9 hoje uma das maiores e mais experientes seguradoras a n\u00edvel mundial.<\/p>\t\t\t\t\t<\/div>\n\t\t\t\t<\/div>\n\t\t\t<\/div>\n\t\t<\/div><div class=\"column-1_4 column_padding_bottom\">\t\t\t<div id=\"sc_services_1704008337_3\"\t\t\t\tclass=\"sc_services_item sc_services_item_3 odd\"\n\t\t\t\t>\n\t\t\t\t<a href=\"https:\/\/www.angocarro.com\/seguros\/services\/profissional\/\"><span class=\"sc_icon icon-icon5\"><\/span><\/a>\t\t\t\t<div class=\"sc_services_item_content\">\n\t\t\t\t\t<h4 class=\"sc_services_item_title\"><a href=\"https:\/\/www.angocarro.com\/seguros\/services\/profissional\/\">Profissional<\/a><\/h4>\n\t\t\t\t\t<div class=\"sc_services_item_description\">\n\t\t\t\t\t\t<p>Uma equipa de especialistas altamente profissionais e qualificados, capazes de apoiar cada cliente na obten\u00e7\u00e3o da melhor solu\u00e7\u00e3o.<\/p>\t\t\t\t\t<\/div>\n\t\t\t\t<\/div>\n\t\t\t<\/div>\n\t\t<\/div><div class=\"column-1_4 column_padding_bottom\">\t\t\t<div id=\"sc_services_1704008337_4\"\t\t\t\tclass=\"sc_services_item sc_services_item_4 even\"\n\t\t\t\t>\n\t\t\t\t<a href=\"https:\/\/www.angocarro.com\/seguros\/services\/suporte\/\"><span class=\"sc_icon icon-icon7\"><\/span><\/a>\t\t\t\t<div class=\"sc_services_item_content\">\n\t\t\t\t\t<h4 class=\"sc_services_item_title\"><a href=\"https:\/\/www.angocarro.com\/seguros\/services\/suporte\/\">Suporte superior<\/a><\/h4>\n\t\t\t\t\t<div class=\"sc_services_item_description\">\n\t\t\t\t\t\t<p>Profissionais dedicados e dispon\u00edveis, que conhecem a fundo as diversas solu\u00e7\u00f5es, garantindo assim o melhor atendimento.<\/p>\t\t\t\t\t<\/div>\n\t\t\t\t<\/div>\n\t\t\t<\/div>\n\t\t<\/div><\/div><\/div><!-- \/.sc_services --><\/div><!-- \/.sc_services_wrap --><\/div><\/div><\/div>[\/vc_column][\/vc_row][vc_row full_width=&#8221;stretch_row&#8221; inverse=&#8221;yes&#8221; css=&#8221;.vc_custom_1465306689557{background-image: url(https:\/\/www.angocarro.com\/seguros\/wp-content\/uploads\/2016\/06\/background-1.jpg?id=425) !important;}&#8221;][vc_column css=&#8221;.vc_custom_1465204913695{padding-top: 1.1em !important;padding-bottom: 0.6em !important;}&#8221;]<div class=\"sc_section margin_top_medium margin_bottom_small\"><div class=\"sc_section_inner\"><h2 class=\"sc_section_title sc_item_title\">A Opini\u00e3o de Quem J\u00e1 Nos Conhece<\/h2><h5 class=\"sc_section_subtitle sc_item_subtitle\">Testemunhos de Clientes Felizes<\/h5><div class=\"sc_section_content_wrap\"><div id=\"sc_testimonials_1023163694\" class=\"sc_testimonials sc_testimonials_style_testimonials-1 \" style=\"width:100%;\"><div class=\"sc_slider_swiper swiper-slider-container sc_slider_nopagination sc_slider_nocontrols\" data-interval=\"7721\" data-slides-per-view=\"3\" data-slides-space=\"30\" data-slides-min-width=\"250\"><div class=\"slides swiper-wrapper\"><div class=\"swiper-slide\" data-style=\"width:100%;\" style=\"width:100%;\">\t\t\t<div id=\"sc_testimonials_1023163694_1\" class=\"sc_testimonial_item\">\n\t\t\t\t<div class=\"sc_testimonial_content\"><p>Obrigado pelo apoio que nos deram! Finalmente conseguimos o seguro que procur\u00e1vamos para a nossa habita\u00e7\u00e3o.<\/p>\n<\/div>\n\t\t\t\t\t\t\t\t<div class=\"sc_testimonial_avatar\"><img loading=\"lazy\" decoding=\"async\" class=\"wp-post-image\" width=\"75\" height=\"75\" alt=\"Gaspar Dala\" src=\"https:\/\/www.angocarro.com\/seguros\/wp-content\/uploads\/2016\/06\/testemunho_02-75x75.jpg\"><\/div>\n\t\t\t\t\t\t\t\t\t\t\t\t<div class=\"sc_testimonial_author\"><a href=\"#\" class=\"sc_testimonial_author_name\">Gaspar Dala<\/a><span class=\"sc_testimonial_author_position\">Luanda<\/span><\/div>\n\t\t\t\t\t\t\t<\/div>\n\t\t<\/div><div class=\"swiper-slide\" data-style=\"width:100%;\" style=\"width:100%;\">\t\t\t<div id=\"sc_testimonials_1023163694_2\" class=\"sc_testimonial_item\">\n\t\t\t\t<div class=\"sc_testimonial_content\"><p>Aqui consegui encontrar toda a informa\u00e7\u00e3o que precisava e sinto que escolhi o melhor seguro para mim.<\/p>\n<\/div>\n\t\t\t\t\t\t\t\t<div class=\"sc_testimonial_avatar\"><img loading=\"lazy\" decoding=\"async\" class=\"wp-post-image\" width=\"75\" height=\"75\" alt=\"N\u00faria Pedro\" src=\"https:\/\/www.angocarro.com\/seguros\/wp-content\/uploads\/2016\/06\/testimonials-2-75x75.jpg\"><\/div>\n\t\t\t\t\t\t\t\t\t\t\t\t<div class=\"sc_testimonial_author\"><a href=\"#\" class=\"sc_testimonial_author_name\">N\u00faria Pedro<\/a><span class=\"sc_testimonial_author_position\">Luanda<\/span><\/div>\n\t\t\t\t\t\t\t<\/div>\n\t\t<\/div><div class=\"swiper-slide\" data-style=\"width:100%;\" style=\"width:100%;\">\t\t\t<div id=\"sc_testimonials_1023163694_3\" class=\"sc_testimonial_item\">\n\t\t\t\t<div class=\"sc_testimonial_content\"><p>No AngoCarro \u00e9 f\u00e1cil encontrar o melhor seguro autom\u00f3vel. Poupei muito tempo!<\/p>\n<\/div>\n\t\t\t\t\t\t\t\t<div class=\"sc_testimonial_avatar\"><img loading=\"lazy\" decoding=\"async\" class=\"wp-post-image\" width=\"75\" height=\"75\" alt=\"M\u00e1rio Patr\u00edcio\" src=\"https:\/\/www.angocarro.com\/seguros\/wp-content\/uploads\/2016\/06\/testemunho_01-75x75.jpg\"><\/div>\n\t\t\t\t\t\t\t\t\t\t\t\t<div class=\"sc_testimonial_author\"><a href=\"#\" class=\"sc_testimonial_author_name\">M\u00e1rio Patr\u00edcio<\/a><span class=\"sc_testimonial_author_position\">Lobito<\/span><\/div>\n\t\t\t\t\t\t\t<\/div>\n\t\t<\/div><\/div><div class=\"sc_slider_controls_wrap\"><a class=\"sc_slider_prev\" href=\"#\"><\/a><div class=\"sc_slider_pagination_wrap\"><\/div><a class=\"sc_slider_next\" href=\"#\"><\/a><\/div><\/div><\/div><\/div><\/div><\/div>[\/vc_column][\/vc_row][vc_row css=&#8221;.vc_custom_1465307352891{padding-top: 3em !important;padding-bottom: 3em !important;}&#8221;][vc_column width=&#8221;5\/12&#8243;]<div class=\"sc_section margin_top_medium alignleft\"><div class=\"sc_section_inner\"><h2 class=\"sc_section_title sc_item_title\">Milh\u00f5es de pessoas confiam na Aon<\/h2><div class=\"sc_section_content_wrap\">[vc_column_text]A Aon PLC \u00e9 l\u00edder internacional em \u00e1reas como corretagem de seguros, gest\u00e3o de risco, resseguros, servi\u00e7os de outsorcing e servi\u00e7os de recursos humanos. \u00c9 uma empresa verdadeira de dimens\u00e3o global, sendo reconhecida em todos os continentes pelo elevado grau de profissional e solu\u00e7\u00f5es avan\u00e7adas.<\/p>\n<p>A grande vantagem que a Aon oferece \u00e9 a grande compreens\u00e3o que a empresa possui relativamente a duas \u00e1reas fundamentais para a economia moderna: as pessoas e o risco.<\/p>\n<p>Com um capital humano de 66 mil funcion\u00e1rios divididos por mais de 120 pa\u00edses, a Aon consegue antecipar como as mudan\u00e7as em cada uma destas \u00e1reas pode ter impacto na outra.<\/p>\n<p>Mas as vantagens da Aon n\u00e3o ficam por a\u00ed. O elevado grau de compromisso para o cliente \u00e9 seguramente outro dos aspectos mais marcantes da empresa. Diariamente, os funcion\u00e1rios esfor\u00e7am-se para conseguir ajudar os clientes da melhor forma poss\u00edvel. Isto porque a Aon compreende que cada cliente apresenta necessidades \u00fanicas e diferenciadas.[\/vc_column_text]<\/div><\/div><\/div>[\/vc_column][vc_column width=&#8221;7\/12&#8243;]<div class=\"sc_section margin_top_medium margin_bottom_medium alignleft\"><div class=\"sc_section_inner\"><h2 class=\"sc_section_title sc_item_title\">Contactos Aon Angola<\/h2><div class=\"sc_section_content_wrap\"><\/div><\/div><\/div>[vc_separator][vc_column_text css=&#8221;.vc_custom_1615552444842{padding-top: 20px !important;}&#8221;]<strong>Morada:\u00a0<\/strong><\/p>\n<p><strong>Aon Angola &#8211; Corretores de Seguros, Lda<\/strong><\/p>\n<p>Belas Business Park | Edif\u00edcio Cabinda | Piso 4 \u2013 Escrit\u00f3rio 404 | Talatona, Luanda &#8211; Angola<\/p>\n<p><strong>Contactos Telef\u00f3nicos:<\/strong><\/p>\n<p><a href=\"tel:+244.923.639.962\">+244.923.639.962<\/a> |\u00a0 <a href=\"tel:+244.939.769.364\">+244.939.769.364<\/a><\/p>\n<p>Endere\u00e7o de email:<\/p>\n<p><u><span lang=\"EN-ZA\">info@aon.co.ao<\/span><\/u>[\/vc_column_text][\/vc_column][\/vc_row][vc_row full_width=&#8221;stretch_row_content&#8221; inverse=&#8221;&#8221; css=&#8221;.vc_custom_1619537212145{padding-top: 3em !important;padding-bottom: 3em !important;}&#8221;][vc_column][vc_raw_html]JTVCbmluamEtcG9wdXAlMjBJRCUzRDk0OCU1RCUyMCUzQ2ltZyUyMGNsYXNzJTNEJTIyYWxpZ25ub25lJTIwc2l6ZS1mdWxsJTIwd3AtaW1hZ2UtMTA3JTIyJTIwdGl0bGUlM0QlMjJiYW5uZXIyJTIyJTIwc3JjJTNEJTIyaHR0cHMlM0ElMkYlMkZ3d3cuYW5nb2NhcnJvLmNvbSUyRnNlZ3Vyb3MlMkZ3cC1jb250ZW50JTJGdXBsb2FkcyUyRjIwMjElMkYwNCUyRmJhbm5lci1jb21wYXJhZG9yLXNlZ3Vyb3MucG5nJTIyJTIwYWx0JTNEJTIyYm90YW8lMjBpbmZvcm1hJUMzJUE3JUMzJUEzbyUyMHNlZ3Vyb3MlMjIlMjB3aWR0aCUzRCUyMjE5MDMlMjIlMjBoZWlnaHQlM0QlMjIxMDMlMjIlMjAlMkYlM0UlMjAlNUIlMkZuaW5qYS1wb3B1cCU1RA==[\/vc_raw_html][\/vc_column][\/vc_row]<\/p>\n","protected":false},"excerpt":{"rendered":"<p>[vc_row][vc_column][vc_single_image image=&#8221;922&#8243; img_size=&#8221;full&#8221; alignment=&#8221;center&#8221; css=&#8221;.vc_custom_1615551494104{padding-top: 40px !important;}&#8221;][\/vc_column][\/vc_row][vc_row full_width=&#8221;stretch_row&#8221;][vc_column css=&#8221;.vc_custom_1464963226998{padding-top: 0.9em !important;padding-bottom: 1.05em !important;}&#8221;][\/vc_column][\/vc_row][vc_row full_width=&#8221;stretch_row&#8221; inverse=&#8221;yes&#8221; css=&#8221;.vc_custom_1465306689557{background-image: url(https:\/\/www.angocarro.com\/seguros\/wp-content\/uploads\/2016\/06\/background-1.jpg?id=425) !important;}&#8221;][vc_column css=&#8221;.vc_custom_1465204913695{padding-top: 1.1em !important;padding-bottom: 0.6em !important;}&#8221;][\/vc_column][\/vc_row][vc_row css=&#8221;.vc_custom_1465307352891{padding-top: 3em !important;padding-bottom: 3em !important;}&#8221;][vc_column width=&#8221;5\/12&#8243;][\/vc_column][vc_column width=&#8221;7\/12&#8243;][vc_separator][vc_column_text css=&#8221;.vc_custom_1615552444842{padding-top: 20px !important;}&#8221;]Morada:\u00a0 Aon Angola &#8211; Corretores de Seguros, Lda Belas Business Park | Edif\u00edcio Cabinda | Piso 4 \u2013 Escrit\u00f3rio 404 | Talatona, Luanda [&hellip;]<\/p>\n","protected":false},"author":1,"featured_media":0,"parent":0,"menu_order":0,"comment_status":"closed","ping_status":"closed","template":"","meta":{"footnotes":""},"class_list":["post-301","page","type-page","status-publish","hentry"],"yoast_head":"<!-- This site is optimized with the Yoast SEO plugin v17.8 - https:\/\/yoast.com\/wordpress\/plugins\/seo\/ -->\n<title>Seguros AON - Seguro Autom\u00f3vel - AngoCarro<\/title>\n<meta name=\"robots\" content=\"index, follow, max-snippet:-1, max-image-preview:large, max-video-preview:-1\" \/>\n<link rel=\"canonical\" href=\"https:\/\/www.angocarro.com\/seguros\/seguros-aon\/\" \/>\n<meta property=\"og:locale\" content=\"en_US\" \/>\n<meta property=\"og:type\" content=\"article\" \/>\n<meta property=\"og:title\" content=\"Seguros AON - Seguro Autom\u00f3vel - AngoCarro\" \/>\n<meta property=\"og:description\" content=\"[vc_row][vc_column][vc_single_image image=&#8221;922&#8243; img_size=&#8221;full&#8221; alignment=&#8221;center&#8221; css=&#8221;.vc_custom_1615551494104{padding-top: 40px !important;}&#8221;][\/vc_column][\/vc_row][vc_row full_width=&#8221;stretch_row&#8221;][vc_column css=&#8221;.vc_custom_1464963226998{padding-top: 0.9em !important;padding-bottom: 1.05em !important;}&#8221;][\/vc_column][\/vc_row][vc_row full_width=&#8221;stretch_row&#8221; inverse=&#8221;yes&#8221; css=&#8221;.vc_custom_1465306689557{background-image: url(https:\/\/www.angocarro.com\/seguros\/wp-content\/uploads\/2016\/06\/background-1.jpg?id=425) !important;}&#8221;][vc_column css=&#8221;.vc_custom_1465204913695{padding-top: 1.1em !important;padding-bottom: 0.6em !important;}&#8221;][\/vc_column][\/vc_row][vc_row css=&#8221;.vc_custom_1465307352891{padding-top: 3em !important;padding-bottom: 3em !important;}&#8221;][vc_column width=&#8221;5\/12&#8243;][\/vc_column][vc_column width=&#8221;7\/12&#8243;][vc_separator][vc_column_text css=&#8221;.vc_custom_1615552444842{padding-top: 20px !important;}&#8221;]Morada:\u00a0 Aon Angola &#8211; Corretores de Seguros, Lda Belas Business Park | Edif\u00edcio Cabinda | Piso 4 \u2013 Escrit\u00f3rio 404 | Talatona, Luanda [&hellip;]\" \/>\n<meta property=\"og:url\" content=\"https:\/\/www.angocarro.com\/seguros\/seguros-aon\/\" \/>\n<meta property=\"og:site_name\" content=\"Seguro Autom\u00f3vel - AngoCarro\" \/>\n<meta property=\"article:modified_time\" content=\"2021-05-10T11:26:38+00:00\" \/>\n<meta name=\"twitter:card\" content=\"summary_large_image\" \/>\n<meta name=\"twitter:label1\" content=\"Est. reading time\" \/>\n\t<meta name=\"twitter:data1\" content=\"2 minutes\" \/>\n<script type=\"application\/ld+json\" class=\"yoast-schema-graph\">{\"@context\":\"https:\/\/schema.org\",\"@graph\":[{\"@type\":\"WebSite\",\"@id\":\"https:\/\/www.angocarro.com\/seguros\/#website\",\"url\":\"https:\/\/www.angocarro.com\/seguros\/\",\"name\":\"Seguro Autom\\u00f3vel - AngoCarro\",\"description\":\"\",\"potentialAction\":[{\"@type\":\"SearchAction\",\"target\":{\"@type\":\"EntryPoint\",\"urlTemplate\":\"https:\/\/www.angocarro.com\/seguros\/?s={search_term_string}\"},\"query-input\":\"required name=search_term_string\"}],\"inLanguage\":\"en-US\"},{\"@type\":\"WebPage\",\"@id\":\"https:\/\/www.angocarro.com\/seguros\/seguros-aon\/#webpage\",\"url\":\"https:\/\/www.angocarro.com\/seguros\/seguros-aon\/\",\"name\":\"Seguros AON - Seguro Autom\\u00f3vel - AngoCarro\",\"isPartOf\":{\"@id\":\"https:\/\/www.angocarro.com\/seguros\/#website\"},\"datePublished\":\"2016-06-02T13:17:32+00:00\",\"dateModified\":\"2021-05-10T11:26:38+00:00\",\"breadcrumb\":{\"@id\":\"https:\/\/www.angocarro.com\/seguros\/seguros-aon\/#breadcrumb\"},\"inLanguage\":\"en-US\",\"potentialAction\":[{\"@type\":\"ReadAction\",\"target\":[\"https:\/\/www.angocarro.com\/seguros\/seguros-aon\/\"]}]},{\"@type\":\"BreadcrumbList\",\"@id\":\"https:\/\/www.angocarro.com\/seguros\/seguros-aon\/#breadcrumb\",\"itemListElement\":[{\"@type\":\"ListItem\",\"position\":1,\"name\":\"Home\",\"item\":\"https:\/\/www.angocarro.com\/seguros\/\"},{\"@type\":\"ListItem\",\"position\":2,\"name\":\"Seguros AON\"}]}]}<\/script>\n<!-- \/ Yoast SEO plugin. -->","yoast_head_json":{"title":"Seguros AON - Seguro Autom\u00f3vel - AngoCarro","robots":{"index":"index","follow":"follow","max-snippet":"max-snippet:-1","max-image-preview":"max-image-preview:large","max-video-preview":"max-video-preview:-1"},"canonical":"https:\/\/www.angocarro.com\/seguros\/seguros-aon\/","og_locale":"en_US","og_type":"article","og_title":"Seguros AON - Seguro Autom\u00f3vel - AngoCarro","og_description":"[vc_row][vc_column][vc_single_image image=&#8221;922&#8243; img_size=&#8221;full&#8221; alignment=&#8221;center&#8221; css=&#8221;.vc_custom_1615551494104{padding-top: 40px !important;}&#8221;][\/vc_column][\/vc_row][vc_row full_width=&#8221;stretch_row&#8221;][vc_column css=&#8221;.vc_custom_1464963226998{padding-top: 0.9em !important;padding-bottom: 1.05em !important;}&#8221;][\/vc_column][\/vc_row][vc_row full_width=&#8221;stretch_row&#8221; inverse=&#8221;yes&#8221; css=&#8221;.vc_custom_1465306689557{background-image: url(https:\/\/www.angocarro.com\/seguros\/wp-content\/uploads\/2016\/06\/background-1.jpg?id=425) !important;}&#8221;][vc_column css=&#8221;.vc_custom_1465204913695{padding-top: 1.1em !important;padding-bottom: 0.6em !important;}&#8221;][\/vc_column][\/vc_row][vc_row css=&#8221;.vc_custom_1465307352891{padding-top: 3em !important;padding-bottom: 3em !important;}&#8221;][vc_column width=&#8221;5\/12&#8243;][\/vc_column][vc_column width=&#8221;7\/12&#8243;][vc_separator][vc_column_text css=&#8221;.vc_custom_1615552444842{padding-top: 20px !important;}&#8221;]Morada:\u00a0 Aon Angola &#8211; Corretores de Seguros, Lda Belas Business Park | Edif\u00edcio Cabinda | Piso 4 \u2013 Escrit\u00f3rio 404 | Talatona, Luanda [&hellip;]","og_url":"https:\/\/www.angocarro.com\/seguros\/seguros-aon\/","og_site_name":"Seguro Autom\u00f3vel - AngoCarro","article_modified_time":"2021-05-10T11:26:38+00:00","twitter_card":"summary_large_image","twitter_misc":{"Est. reading time":"2 minutes"},"schema":{"@context":"https:\/\/schema.org","@graph":[{"@type":"WebSite","@id":"https:\/\/www.angocarro.com\/seguros\/#website","url":"https:\/\/www.angocarro.com\/seguros\/","name":"Seguro Autom\u00f3vel - AngoCarro","description":"","potentialAction":[{"@type":"SearchAction","target":{"@type":"EntryPoint","urlTemplate":"https:\/\/www.angocarro.com\/seguros\/?s={search_term_string}"},"query-input":"required name=search_term_string"}],"inLanguage":"en-US"},{"@type":"WebPage","@id":"https:\/\/www.angocarro.com\/seguros\/seguros-aon\/#webpage","url":"https:\/\/www.angocarro.com\/seguros\/seguros-aon\/","name":"Seguros AON - Seguro Autom\u00f3vel - AngoCarro","isPartOf":{"@id":"https:\/\/www.angocarro.com\/seguros\/#website"},"datePublished":"2016-06-02T13:17:32+00:00","dateModified":"2021-05-10T11:26:38+00:00","breadcrumb":{"@id":"https:\/\/www.angocarro.com\/seguros\/seguros-aon\/#breadcrumb"},"inLanguage":"en-US","potentialAction":[{"@type":"ReadAction","target":["https:\/\/www.angocarro.com\/seguros\/seguros-aon\/"]}]},{"@type":"BreadcrumbList","@id":"https:\/\/www.angocarro.com\/seguros\/seguros-aon\/#breadcrumb","itemListElement":[{"@type":"ListItem","position":1,"name":"Home","item":"https:\/\/www.angocarro.com\/seguros\/"},{"@type":"ListItem","position":2,"name":"Seguros AON"}]}]}},"_links":{"self":[{"href":"https:\/\/www.angocarro.com\/seguros\/wp-json\/wp\/v2\/pages\/301","targetHints":{"allow":["GET"]}}],"collection":[{"href":"https:\/\/www.angocarro.com\/seguros\/wp-json\/wp\/v2\/pages"}],"about":[{"href":"https:\/\/www.angocarro.com\/seguros\/wp-json\/wp\/v2\/types\/page"}],"author":[{"embeddable":true,"href":"https:\/\/www.angocarro.com\/seguros\/wp-json\/wp\/v2\/users\/1"}],"replies":[{"embeddable":true,"href":"https:\/\/www.angocarro.com\/seguros\/wp-json\/wp\/v2\/comments?post=301"}],"version-history":[{"count":27,"href":"https:\/\/www.angocarro.com\/seguros\/wp-json\/wp\/v2\/pages\/301\/revisions"}],"predecessor-version":[{"id":1009,"href":"https:\/\/www.angocarro.com\/seguros\/wp-json\/wp\/v2\/pages\/301\/revisions\/1009"}],"wp:attachment":[{"href":"https:\/\/www.angocarro.com\/seguros\/wp-json\/wp\/v2\/media?parent=301"}],"curies":[{"name":"wp","href":"https:\/\/api.w.org\/{rel}","templated":true}]}}