{"id":504,"date":"2021-03-06T14:49:36","date_gmt":"2021-03-06T14:49:36","guid":{"rendered":"https:\/\/www.angocarro.com\/seguros\/?page_id=504"},"modified":"2022-06-01T00:08:31","modified_gmt":"2022-06-01T00:08:31","slug":"contactos","status":"publish","type":"page","link":"https:\/\/www.angocarro.com\/seguros\/contactos\/","title":{"rendered":"Contactos"},"content":{"rendered":"<p>[vc_row inverse=&#8221;&#8221;][vc_column]<h2 class=\"sc_title sc_title_regular sc_align_center margin_top_huge margin_bottom_medium\" style=\"text-align:center;\">Entre em Contacto<\/h2>[\/vc_column][\/vc_row][vc_row css=&#8221;.vc_custom_1579589506797{margin-bottom: 6rem !important;}&#8221;][vc_column width=&#8221;1\/2&#8243;][vc_column_text]<\/p>\n<div class=\"sc_form_address\">\n<div class=\"sc_form_address_field\"><span class=\"sc_form_address_data icon-location\">Morada:<br \/>\nCondom\u00ednio Bengo (Vila Alice), Rua Fern\u00e3o de Sousa, Edif\u00edcio A, 9\u00b0 andar, Escrit\u00f3rio D. <\/span><\/div>\n<div class=\"sc_form_address_field\"><span class=\"sc_form_address_data icon-phone-1\"> <a href=\"tel:244934626874\">+244 934 626 874<\/a><\/span><\/div>\n<\/div>\n<p>[\/vc_column_text][\/vc_column][vc_column width=&#8221;1\/12&#8243;][\/vc_column][vc_column width=&#8221;5\/12&#8243; el_class=&#8221;contact_us&#8221;][\/vc_column][\/vc_row]<\/p>\n","protected":false},"excerpt":{"rendered":"<p>[vc_row inverse=&#8221;&#8221;][vc_column][\/vc_column][\/vc_row][vc_row css=&#8221;.vc_custom_1579589506797{margin-bottom: 6rem !important;}&#8221;][vc_column width=&#8221;1\/2&#8243;][vc_column_text] Morada: Condom\u00ednio Bengo (Vila Alice), Rua Fern\u00e3o de Sousa, Edif\u00edcio A, 9\u00b0 andar, Escrit\u00f3rio D. +244 934 626 874 [\/vc_column_text][\/vc_column][vc_column width=&#8221;1\/12&#8243;][\/vc_column][vc_column width=&#8221;5\/12&#8243; el_class=&#8221;contact_us&#8221;][\/vc_column][\/vc_row]<\/p>\n","protected":false},"author":1,"featured_media":0,"parent":0,"menu_order":0,"comment_status":"closed","ping_status":"closed","template":"","meta":{"footnotes":""},"class_list":["post-504","page","type-page","status-publish","hentry"],"yoast_head":"<!-- This site is optimized with the Yoast SEO plugin v17.8 - https:\/\/yoast.com\/wordpress\/plugins\/seo\/ -->\n<title>Contactos - Seguro Autom\u00f3vel - AngoCarro<\/title>\n<meta name=\"robots\" content=\"index, follow, max-snippet:-1, max-image-preview:large, max-video-preview:-1\" \/>\n<link rel=\"canonical\" href=\"https:\/\/www.angocarro.com\/seguros\/contactos\/\" \/>\n<meta property=\"og:locale\" content=\"en_US\" \/>\n<meta property=\"og:type\" content=\"article\" \/>\n<meta property=\"og:title\" content=\"Contactos - Seguro Autom\u00f3vel - AngoCarro\" \/>\n<meta property=\"og:description\" content=\"[vc_row inverse=&#8221;&#8221;][vc_column][\/vc_column][\/vc_row][vc_row css=&#8221;.vc_custom_1579589506797{margin-bottom: 6rem !important;}&#8221;][vc_column width=&#8221;1\/2&#8243;][vc_column_text] Morada: Condom\u00ednio Bengo (Vila Alice), Rua Fern\u00e3o de Sousa, Edif\u00edcio A, 9\u00b0 andar, Escrit\u00f3rio D. +244 934 626 874 [\/vc_column_text][\/vc_column][vc_column width=&#8221;1\/12&#8243;][\/vc_column][vc_column width=&#8221;5\/12&#8243; el_class=&#8221;contact_us&#8221;][\/vc_column][\/vc_row]\" \/>\n<meta property=\"og:url\" content=\"https:\/\/www.angocarro.com\/seguros\/contactos\/\" \/>\n<meta property=\"og:site_name\" content=\"Seguro Autom\u00f3vel - AngoCarro\" \/>\n<meta property=\"article:modified_time\" content=\"2022-06-01T00:08:31+00:00\" \/>\n<meta name=\"twitter:card\" content=\"summary_large_image\" \/>\n<meta name=\"twitter:label1\" content=\"Est. reading time\" \/>\n\t<meta name=\"twitter:data1\" content=\"1 minute\" \/>\n<script type=\"application\/ld+json\" class=\"yoast-schema-graph\">{\"@context\":\"https:\/\/schema.org\",\"@graph\":[{\"@type\":\"WebSite\",\"@id\":\"https:\/\/www.angocarro.com\/seguros\/#website\",\"url\":\"https:\/\/www.angocarro.com\/seguros\/\",\"name\":\"Seguro Autom\\u00f3vel - AngoCarro\",\"description\":\"\",\"potentialAction\":[{\"@type\":\"SearchAction\",\"target\":{\"@type\":\"EntryPoint\",\"urlTemplate\":\"https:\/\/www.angocarro.com\/seguros\/?s={search_term_string}\"},\"query-input\":\"required name=search_term_string\"}],\"inLanguage\":\"en-US\"},{\"@type\":\"WebPage\",\"@id\":\"https:\/\/www.angocarro.com\/seguros\/contactos\/#webpage\",\"url\":\"https:\/\/www.angocarro.com\/seguros\/contactos\/\",\"name\":\"Contactos - Seguro Autom\\u00f3vel - AngoCarro\",\"isPartOf\":{\"@id\":\"https:\/\/www.angocarro.com\/seguros\/#website\"},\"datePublished\":\"2021-03-06T14:49:36+00:00\",\"dateModified\":\"2022-06-01T00:08:31+00:00\",\"breadcrumb\":{\"@id\":\"https:\/\/www.angocarro.com\/seguros\/contactos\/#breadcrumb\"},\"inLanguage\":\"en-US\",\"potentialAction\":[{\"@type\":\"ReadAction\",\"target\":[\"https:\/\/www.angocarro.com\/seguros\/contactos\/\"]}]},{\"@type\":\"BreadcrumbList\",\"@id\":\"https:\/\/www.angocarro.com\/seguros\/contactos\/#breadcrumb\",\"itemListElement\":[{\"@type\":\"ListItem\",\"position\":1,\"name\":\"Home\",\"item\":\"https:\/\/www.angocarro.com\/seguros\/\"},{\"@type\":\"ListItem\",\"position\":2,\"name\":\"Contactos\"}]}]}<\/script>\n<!-- \/ Yoast SEO plugin. -->","yoast_head_json":{"title":"Contactos - Seguro Autom\u00f3vel - AngoCarro","robots":{"index":"index","follow":"follow","max-snippet":"max-snippet:-1","max-image-preview":"max-image-preview:large","max-video-preview":"max-video-preview:-1"},"canonical":"https:\/\/www.angocarro.com\/seguros\/contactos\/","og_locale":"en_US","og_type":"article","og_title":"Contactos - Seguro Autom\u00f3vel - AngoCarro","og_description":"[vc_row inverse=&#8221;&#8221;][vc_column][\/vc_column][\/vc_row][vc_row css=&#8221;.vc_custom_1579589506797{margin-bottom: 6rem !important;}&#8221;][vc_column width=&#8221;1\/2&#8243;][vc_column_text] Morada: Condom\u00ednio Bengo (Vila Alice), Rua Fern\u00e3o de Sousa, Edif\u00edcio A, 9\u00b0 andar, Escrit\u00f3rio D. +244 934 626 874 [\/vc_column_text][\/vc_column][vc_column width=&#8221;1\/12&#8243;][\/vc_column][vc_column width=&#8221;5\/12&#8243; el_class=&#8221;contact_us&#8221;][\/vc_column][\/vc_row]","og_url":"https:\/\/www.angocarro.com\/seguros\/contactos\/","og_site_name":"Seguro Autom\u00f3vel - AngoCarro","article_modified_time":"2022-06-01T00:08:31+00:00","twitter_card":"summary_large_image","twitter_misc":{"Est. reading time":"1 minute"},"schema":{"@context":"https:\/\/schema.org","@graph":[{"@type":"WebSite","@id":"https:\/\/www.angocarro.com\/seguros\/#website","url":"https:\/\/www.angocarro.com\/seguros\/","name":"Seguro Autom\u00f3vel - AngoCarro","description":"","potentialAction":[{"@type":"SearchAction","target":{"@type":"EntryPoint","urlTemplate":"https:\/\/www.angocarro.com\/seguros\/?s={search_term_string}"},"query-input":"required name=search_term_string"}],"inLanguage":"en-US"},{"@type":"WebPage","@id":"https:\/\/www.angocarro.com\/seguros\/contactos\/#webpage","url":"https:\/\/www.angocarro.com\/seguros\/contactos\/","name":"Contactos - Seguro Autom\u00f3vel - AngoCarro","isPartOf":{"@id":"https:\/\/www.angocarro.com\/seguros\/#website"},"datePublished":"2021-03-06T14:49:36+00:00","dateModified":"2022-06-01T00:08:31+00:00","breadcrumb":{"@id":"https:\/\/www.angocarro.com\/seguros\/contactos\/#breadcrumb"},"inLanguage":"en-US","potentialAction":[{"@type":"ReadAction","target":["https:\/\/www.angocarro.com\/seguros\/contactos\/"]}]},{"@type":"BreadcrumbList","@id":"https:\/\/www.angocarro.com\/seguros\/contactos\/#breadcrumb","itemListElement":[{"@type":"ListItem","position":1,"name":"Home","item":"https:\/\/www.angocarro.com\/seguros\/"},{"@type":"ListItem","position":2,"name":"Contactos"}]}]}},"_links":{"self":[{"href":"https:\/\/www.angocarro.com\/seguros\/wp-json\/wp\/v2\/pages\/504","targetHints":{"allow":["GET"]}}],"collection":[{"href":"https:\/\/www.angocarro.com\/seguros\/wp-json\/wp\/v2\/pages"}],"about":[{"href":"https:\/\/www.angocarro.com\/seguros\/wp-json\/wp\/v2\/types\/page"}],"author":[{"embeddable":true,"href":"https:\/\/www.angocarro.com\/seguros\/wp-json\/wp\/v2\/users\/1"}],"replies":[{"embeddable":true,"href":"https:\/\/www.angocarro.com\/seguros\/wp-json\/wp\/v2\/comments?post=504"}],"version-history":[{"count":6,"href":"https:\/\/www.angocarro.com\/seguros\/wp-json\/wp\/v2\/pages\/504\/revisions"}],"predecessor-version":[{"id":1034,"href":"https:\/\/www.angocarro.com\/seguros\/wp-json\/wp\/v2\/pages\/504\/revisions\/1034"}],"wp:attachment":[{"href":"https:\/\/www.angocarro.com\/seguros\/wp-json\/wp\/v2\/media?parent=504"}],"curies":[{"name":"wp","href":"https:\/\/api.w.org\/{rel}","templated":true}]}}